{"id":27,"date":"2026-04-19T20:09:54","date_gmt":"2026-04-19T18:09:54","guid":{"rendered":"http:\/\/jawana.netzwerkit-service.de\/?page_id=27"},"modified":"2026-04-19T20:09:54","modified_gmt":"2026-04-19T18:09:54","slug":"pflegehinweise","status":"publish","type":"page","link":"https:\/\/jawana.netzwerkit-service.de\/?page_id=27","title":{"rendered":"Pflegehinweise"},"content":{"rendered":"\n<div class=\"frame\">\n  <div class=\"glow\" aria-hidden=\"true\"><\/div>\n  <header>\n    <div class=\"title-block\">\n      <h1>Pflegehinweise f\u00fcr dein Tattoo<\/h1>\n      <p>Damit dein Tattoo sauber verheilt und lange strahlt, findest du hier die wichtigsten Schritte zur Pflege direkt nach dem Stechen und in den folgenden Wochen.<\/p>\n    <\/div>\n    <a class=\"back-link\" href=\"http:\/\/jawana.netzwerkit-service.de\/?page_id=26\">\u2190 Zur\u00fcck zur Startseite<\/a>\n  <\/header>\n  <div class=\"sections\">\n    <div class=\"section\">\n      <span class=\"pill\">Nach der Behandlung<\/span>\n      <p>Nach der Behandlung wird die t\u00e4towierte Stelle intensiver und kr\u00e4ftiger erscheinen. Jede Haut nimmt die T\u00e4towierung unterschiedlich auf. Eine Erfolgsgarantie und ein Farbversprechen kann f\u00fcr die Behandlung nicht gegeben werden. Die Haut kann nach der Behandlung irritiert sein, d.h. R\u00f6tungen, Schwellungen und Juckreiz hervorrufen. Diese Irritationen klingen erfahrungsgem\u00e4\u00df nach einiger Zeit ab.<\/p>\n    <\/div>\n    <div class=\"section\">\n      <h2>Pflege nach der Behandlung<\/h2>\n      <p>Nach dem T\u00e4towiervorgang wird ein Spray zum Schutz der Haut aufgetragen. Dieses Spray muss 20 Stunden in der Haut bleiben und darf deshalb nicht in Kontakt mit Wasser (bedeutet nicht duschen), Cremes oder anderen Substanzen kommen. Nach 20h muss die t\u00e4towierte Hautstelle gr\u00fcndlich mit reinem Wasser ausgewaschen werden.<\/p>\n      <p>Nach dem Auswaschen muss das Tattoo mehrmals am Tag mit Wundschutzsalbe wie z.B. Bepanthen, Panthenol oder speziellen Tattoo Cremes eingecremt werden. Bitte beachte, dass jeder Mensch unterschiedlich auf Salben etc. reagiert. Daher empfehle ich Salben zu verwenden, die bereits ohne Reaktionen der Haut o. \u00c4. verwendet wurden.<\/p>\n      <p>Bitte bedenke auch, je besser die T\u00e4towierung nun gepflegt wird, umso besser und l\u00e4nger h\u00e4lt die Farbe unter der Haut.<\/p>\n      <p><strong>Das Tattoo verliert bei einer falschen oder mangelhaften Pflege seine Qualit\u00e4t!<\/strong><\/p>\n    <\/div>\n    <div class=\"section\">\n      <h2>Pflege in den kommenden Wochen<\/h2>\n      <ul class=\"list\">\n        <li>Vermeide in den kommenden 4 &#8211; 6 Wochen direkte Sonneneinstrahlung.<\/li>\n        <li>Kein Solarium, Chlor- oder Salzwasser und keine Saunag\u00e4nge in dieser Zeit.<\/li>\n      <\/ul>\n    <\/div>\n    <div class=\"section\">\n      <h2>Nachstechen<\/h2>\n      <p>Durch den nat\u00fcrlichen Heilungsprozess kann es zu einem Farbverlust kommen. Bei einem Farbverlust kann das Tattoo wunschweise nach der Abheilung (ca. 6 &#8211; 8 Wochen) nachgestochen werden.<\/p>\n      <p>F\u00fcr das Nachstechen berechnen wir je nach Farbverlust und Aufwand 20\u20ac-40\u20ac. Bei Eigenverschulden, d. h. bei mangelnder Pflege der t\u00e4towierten Stelle oder bei Tattoos, die schon des L\u00e4ngeren abgeheilt sind und nur neu aufgefrischt werden sollen, wird der volle Preis f\u00fcr die Nacharbeit berechnet.<\/p>\n    <\/div>\n    <div class=\"section\">\n      <h2>Kontakt &amp; Fragen<\/h2>\n      <p>Ich w\u00fcnsche dir viel Freude mit deinem neuen Tattoo! Bei R\u00fcckfragen oder Unklarheiten kannst du dich gerne bei mir melden!<\/p>\n    <\/div>\n  <\/div>\n<\/div>\n","protected":false},"excerpt":{"rendered":"<p>Pflegehinweise f\u00fcr dein Tattoo Damit dein Tattoo sauber verheilt und lange strahlt, findest du hier die wichtigsten Schritte zur Pflege direkt nach dem Stechen und in den folgenden Wochen. \u2190 Zur\u00fcck zur Startseite Nach der Behandlung Nach der Behandlung wird die t\u00e4towierte Stelle intensiver und kr\u00e4ftiger erscheinen. Jede Haut nimmt die T\u00e4towierung unterschiedlich auf. Eine Erfolgsgarantie und ein Farbversprechen kann f\u00fcr die Behandlung nicht gegeben werden. Die Haut kann nach der Behandlung irritiert sein, d.h. R\u00f6tungen, Schwellungen und Juckreiz hervorrufen. Diese Irritationen klingen erfahrungsgem\u00e4\u00df nach einiger Zeit ab. Pflege nach der Behandlung Nach dem T\u00e4towiervorgang wird ein Spray zum Schutz der Haut aufgetragen. Dieses Spray muss 20 Stunden in der Haut bleiben und darf deshalb nicht in Kontakt mit Wasser (bedeutet nicht duschen), Cremes oder anderen Substanzen kommen. Nach 20h muss die t\u00e4towierte Hautstelle gr\u00fcndlich mit reinem Wasser ausgewaschen werden. Nach dem Auswaschen muss das Tattoo mehrmals am Tag mit Wundschutzsalbe wie z.B. Bepanthen, Panthenol oder speziellen Tattoo Cremes eingecremt werden. Bitte beachte, dass jeder Mensch unterschiedlich auf Salben etc. reagiert. Daher empfehle ich Salben zu verwenden, die bereits ohne Reaktionen der Haut o. \u00c4. verwendet wurden. Bitte bedenke auch, je besser die T\u00e4towierung nun gepflegt wird, umso besser und l\u00e4nger h\u00e4lt die Farbe unter der Haut. Das Tattoo verliert bei einer falschen oder mangelhaften Pflege seine Qualit\u00e4t! Pflege in den kommenden Wochen Vermeide in den kommenden 4 &#8211; 6 Wochen direkte Sonneneinstrahlung. Kein Solarium, Chlor- oder Salzwasser und keine Saunag\u00e4nge in dieser Zeit. Nachstechen Durch den nat\u00fcrlichen Heilungsprozess kann es zu einem Farbverlust kommen. Bei einem Farbverlust kann das Tattoo wunschweise nach der Abheilung (ca. 6 &#8211; 8 Wochen) nachgestochen werden. F\u00fcr das Nachstechen berechnen wir je nach Farbverlust und Aufwand 20\u20ac-40\u20ac. Bei Eigenverschulden, d. h. bei mangelnder Pflege der t\u00e4towierten Stelle oder bei Tattoos, die schon des L\u00e4ngeren abgeheilt sind und nur neu aufgefrischt werden sollen, wird der volle Preis f\u00fcr die Nacharbeit berechnet. Kontakt &amp; Fragen Ich w\u00fcnsche dir viel Freude mit deinem neuen Tattoo! Bei R\u00fcckfragen oder Unklarheiten kannst du dich gerne bei mir melden!<\/p>\n","protected":false},"author":1,"featured_media":0,"parent":0,"menu_order":0,"comment_status":"closed","ping_status":"closed","template":"","meta":{"footnotes":""},"class_list":["post-27","page","type-page","status-publish","hentry"],"_links":{"self":[{"href":"https:\/\/jawana.netzwerkit-service.de\/index.php?rest_route=\/wp\/v2\/pages\/27","targetHints":{"allow":["GET"]}}],"collection":[{"href":"https:\/\/jawana.netzwerkit-service.de\/index.php?rest_route=\/wp\/v2\/pages"}],"about":[{"href":"https:\/\/jawana.netzwerkit-service.de\/index.php?rest_route=\/wp\/v2\/types\/page"}],"author":[{"embeddable":true,"href":"https:\/\/jawana.netzwerkit-service.de\/index.php?rest_route=\/wp\/v2\/users\/1"}],"replies":[{"embeddable":true,"href":"https:\/\/jawana.netzwerkit-service.de\/index.php?rest_route=%2Fwp%2Fv2%2Fcomments&post=27"}],"version-history":[{"count":1,"href":"https:\/\/jawana.netzwerkit-service.de\/index.php?rest_route=\/wp\/v2\/pages\/27\/revisions"}],"predecessor-version":[{"id":30,"href":"https:\/\/jawana.netzwerkit-service.de\/index.php?rest_route=\/wp\/v2\/pages\/27\/revisions\/30"}],"wp:attachment":[{"href":"https:\/\/jawana.netzwerkit-service.de\/index.php?rest_route=%2Fwp%2Fv2%2Fmedia&parent=27"}],"curies":[{"name":"wp","href":"https:\/\/api.w.org\/{rel}","templated":true}]}}